{"id":9528,"date":"2024-02-14T12:24:16","date_gmt":"2024-02-14T12:24:16","guid":{"rendered":"https:\/\/olga.co.rs\/?post_type=product&#038;p=9528"},"modified":"2024-06-26T08:31:10","modified_gmt":"2024-06-26T08:31:10","slug":"susena-golica-50g","status":"publish","type":"product","link":"https:\/\/olga.co.rs\/en\/product\/susena-golica-50g\/","title":{"rendered":"Raw Pumpkin Seeds 50g"},"content":{"rendered":"<p>Olga semenke bundeve odli\u010dan su izvor omega-3 i omega-6 masnih kiselina.Preporu\u010duju se u svakodnevnoj ishrani zbog visokog nivoa proteina, omaga 3 i omega 6 masti, vitamina B1 i B2, gvo\u017e\u0111a i fosfora, kao i mikroelemenata magnezijuma, cinka. Pogodne su kao sastojak obroka, na primer pahuljice za doru\u010dak ili u bilo koje doba dana kao zdrava u\u017eina. Seme mo\u017ee olak\u0161ati tegobe kod obolele prostate, reume, bolesti bubrega i be\u0161ike, i kod upalnih procesa creva i \u017eeluca. Pored lekovitih svojstava, suve golice su izuzetan dodatak ishrani, naro\u010dito u salatama i \u010dorbama. Izuzetan je dijetetski proizvod.<\/p>","protected":false},"excerpt":{"rendered":"<p>Olga pumpkin seeds are an excellent source of omega-3 and omega-6 fatty acids. They are recommended in the daily diet due to high levels of protein, fat, vitamins B1 and B2, iron and phosphorus, as well as trace elements magnesium and zinc. They are suitable as an ingredient in meals, for example breakfast cereals or at any time of the day as a healthy snack. Seeds can alleviate problems with diseased prostate, rheumatism, kidney and bladder diseases, and inflammatory processes in the intestines and stomach. In addition to its healing properties, dried nettles are an exceptional addition to the diet, especially in salads and soups. It is an exceptional dietary product.<\/p>","protected":false},"featured_media":9529,"comment_status":"closed","ping_status":"closed","template":"","meta":[],"product_brand":[],"product_cat":[91],"product_tag":[],"class_list":{"0":"post-9528","1":"product","2":"type-product","3":"status-publish","4":"has-post-thumbnail","6":"product_cat-seme","8":"first","9":"instock","10":"taxable","11":"shipping-taxable","12":"purchasable","13":"product-type-simple"},"_links":{"self":[{"href":"https:\/\/olga.co.rs\/en\/wp-json\/wp\/v2\/product\/9528","targetHints":{"allow":["GET"]}}],"collection":[{"href":"https:\/\/olga.co.rs\/en\/wp-json\/wp\/v2\/product"}],"about":[{"href":"https:\/\/olga.co.rs\/en\/wp-json\/wp\/v2\/types\/product"}],"replies":[{"embeddable":true,"href":"https:\/\/olga.co.rs\/en\/wp-json\/wp\/v2\/comments?post=9528"}],"wp:featuredmedia":[{"embeddable":true,"href":"https:\/\/olga.co.rs\/en\/wp-json\/wp\/v2\/media\/9529"}],"wp:attachment":[{"href":"https:\/\/olga.co.rs\/en\/wp-json\/wp\/v2\/media?parent=9528"}],"wp:term":[{"taxonomy":"product_brand","embeddable":true,"href":"https:\/\/olga.co.rs\/en\/wp-json\/wp\/v2\/product_brand?post=9528"},{"taxonomy":"product_cat","embeddable":true,"href":"https:\/\/olga.co.rs\/en\/wp-json\/wp\/v2\/product_cat?post=9528"},{"taxonomy":"product_tag","embeddable":true,"href":"https:\/\/olga.co.rs\/en\/wp-json\/wp\/v2\/product_tag?post=9528"}],"curies":[{"name":"wp","href":"https:\/\/api.w.org\/{rel}","templated":true}]}}