{"id":9859,"date":"2025-04-08T13:20:30","date_gmt":"2025-04-08T13:20:30","guid":{"rendered":"https:\/\/olga.co.rs\/?page_id=9859"},"modified":"2025-04-12T11:23:35","modified_gmt":"2025-04-12T11:23:35","slug":"protein","status":"publish","type":"page","link":"https:\/\/olga.co.rs\/en\/olgin-kuvar\/protein\/","title":{"rendered":"Protein"},"content":{"rendered":"<div data-elementor-type=\"wp-page\" data-elementor-id=\"9859\" class=\"elementor elementor-9859\" data-elementor-post-type=\"page\">\n\t\t\t\t\t\t<section class=\"elementor-section elementor-top-section elementor-element elementor-element-3928705 elementor-section-height-min-height elementor-section-boxed elementor-section-height-default elementor-section-items-middle\" data-id=\"3928705\" data-element_type=\"section\" data-settings=\"{&quot;background_background&quot;:&quot;classic&quot;}\">\n\t\t\t\t\t\t<div class=\"elementor-container elementor-column-gap-default jws_section_\" >\n\t\t\t\t<div class=\"elementor-column elementor-col-100 elementor-top-column elementor-element elementor-element-94a5c82\" data-id=\"94a5c82\" data-element_type=\"column\" data-settings=\"{&quot;motion_fx_motion_fx_scrolling&quot;:&quot;yes&quot;,&quot;motion_fx_translateY_effect&quot;:&quot;yes&quot;,&quot;motion_fx_translateY_affectedRange&quot;:{&quot;unit&quot;:&quot;%&quot;,&quot;size&quot;:&quot;&quot;,&quot;sizes&quot;:{&quot;start&quot;:0,&quot;end&quot;:51}},&quot;motion_fx_translateY_speed&quot;:{&quot;unit&quot;:&quot;px&quot;,&quot;size&quot;:4,&quot;sizes&quot;:[]},&quot;motion_fx_devices&quot;:[&quot;desktop&quot;,&quot;laptop&quot;,&quot;tablet&quot;,&quot;mobile&quot;]}\">\n\t\t\t<div class=\"elementor-widget-wrap\">\n\t\t\t\t\t\t\t<\/div>\n\t\t<\/div>\n\t\t\t\t      \n            \n              \n            \n            \t\n\t\t\t<\/div>\n\t\t<\/section>\n\t\t\t\t<section class=\"elementor-section elementor-top-section elementor-element elementor-element-a6cd36c elementor-section-full_width elementor-section-height-default elementor-section-height-default\" data-id=\"a6cd36c\" data-element_type=\"section\">\n\t\t\t\t\t\t<div class=\"elementor-container elementor-column-gap-default jws_section_\" >\n\t\t\t\t<div class=\"elementor-column elementor-col-100 elementor-top-column elementor-element elementor-element-917fc04\" data-id=\"917fc04\" data-element_type=\"column\">\n\t\t\t<div class=\"elementor-widget-wrap elementor-element-populated\">\n\t\t\t\t\t\t<div class=\"elementor-element elementor-element-0300409 elementor-widget elementor-widget-template\" data-id=\"0300409\" data-element_type=\"widget\" data-widget_type=\"template.default\">\n\t\t\t\t<div class=\"elementor-widget-container\">\n\t\t\t\t\t\t\t<div class=\"elementor-template\">\n\t\t\t\t\t<div data-elementor-type=\"section\" data-elementor-id=\"10023\" class=\"elementor elementor-10023\" data-elementor-post-type=\"elementor_library\">\n\t\t\t\t\t<section class=\"elementor-section elementor-top-section elementor-element elementor-element-7c7ee5a elementor-section-boxed elementor-section-height-default elementor-section-height-default\" data-id=\"7c7ee5a\" data-element_type=\"section\">\n\t\t\t\t\t\t<div class=\"elementor-container elementor-column-gap-default jws_section_\" >\n\t\t\t\t<div class=\"elementor-column elementor-col-100 elementor-top-column elementor-element elementor-element-6207c60\" data-id=\"6207c60\" data-element_type=\"column\">\n\t\t\t<div class=\"elementor-widget-wrap elementor-element-populated\">\n\t\t\t\t\t\t<div class=\"elementor-element elementor-element-298be26 elementor-widget elementor-widget-heading\" data-id=\"298be26\" data-element_type=\"widget\" data-widget_type=\"heading.default\">\n\t\t\t\t<div class=\"elementor-widget-container\">\n\t\t\t\t\t<h4 class=\"elementor-heading-title elementor-size-default\">Protein<\/h4>\t\t\t\t<\/div>\n\t\t\t\t<\/div>\n\t\t\t\t<div class=\"elementor-element elementor-element-38fe98e elementor-position-top elementor-view-default elementor-vertical-align-top elementor-widget elementor-widget-jws_info_box\" data-id=\"38fe98e\" data-element_type=\"widget\" data-settings=\"{&quot;align&quot;:&quot;center&quot;,&quot;position&quot;:&quot;top&quot;}\" data-widget_type=\"jws_info_box.default\">\n\t\t\t\t<div class=\"elementor-widget-container\">\n\t\t\t\t\t            <div class=\"jws-info-box layout1\">\n                <div class=\"jws-info-box-inner\">\n                    \r\n    <div class=\"box-icon\">\r\n          \r\n    <\/div>\r\n    <div class=\"jws-box-content\">\r\n        <div class=\"box-sub\">\r\n            <\/div>\r\n    <h1 class=\"box-title\">\r\n        OLGA KUVA    <\/h1>\r\n    <div class=\"box-content\">\r\n        <p>CATEGORIES<\/p>    <\/div>\r\n        <\/div>\r\n                <\/div>\n            <\/div>\n        \t\t\t\t<\/div>\n\t\t\t\t<\/div>\n\t\t\t\t\t<\/div>\n\t\t<\/div>\n\t\t\t\t      \n            \n              \n            \n            \t\n\t\t\t<\/div>\n\t\t<\/section>\n\t\t\t\t<section class=\"elementor-section elementor-top-section elementor-element elementor-element-b50eb8d elementor-section-boxed elementor-section-height-default elementor-section-height-default\" data-id=\"b50eb8d\" data-element_type=\"section\" data-settings=\"{&quot;background_background&quot;:&quot;classic&quot;}\">\n\t\t\t\t\t\t<div class=\"elementor-container elementor-column-gap-no jws_section_slider slick_5\"  data-slick='{\"slidesToShow\":5 ,\"slidesToScroll\": 1, \"autoplay\": false,\"arrows\": false, \"dots\":false, \"autoplaySpeed\": 500,\"variableWidth\":false,\"pauseOnHover\":false,\"centerMode\":false,\"vertical\":false, \"infinite\":true,        \"speed\": 500, \"responsive\":[{\"breakpoint\": 1024,\"settings\":{\"slidesToShow\": 5,\"slidesToScroll\": 1}},        {\"breakpoint\": 768,\"settings\":{\"slidesToShow\": 2,\"slidesToScroll\": 1}}]}'>\n\t\t\t\t<div class=\"elementor-column elementor-col-20 elementor-top-column elementor-element elementor-element-0569fea\" data-id=\"0569fea\" data-element_type=\"column\">\n\t\t\t<div class=\"elementor-widget-wrap elementor-element-populated\">\n\t\t\t\t\t\t<div class=\"elementor-element elementor-element-109dd34 elementor-widget elementor-widget-image\" data-id=\"109dd34\" data-element_type=\"widget\" data-widget_type=\"image.default\">\n\t\t\t\t<div class=\"elementor-widget-container\">\n\t\t\t\t\t\t\t\t\t\t\t\t\t\t\t\t<a href=\"https:\/\/olga.co.rs\/en\/olgin-kuvar\/brasno\/\">\n\t\t\t\t\t\t\t<img fetchpriority=\"high\" decoding=\"async\" width=\"640\" height=\"640\" src=\"https:\/\/olga.co.rs\/wp-content\/uploads\/2024\/06\/Slike-za-recepti-stranicu-06.png\" class=\"elementor-animation-grow attachment-large size-large wp-image-9466\" alt=\"\" srcset=\"https:\/\/olga.co.rs\/wp-content\/uploads\/2024\/06\/Slike-za-recepti-stranicu-06.png 855w, https:\/\/olga.co.rs\/wp-content\/uploads\/2024\/06\/Slike-za-recepti-stranicu-06-100x100.png 100w, https:\/\/olga.co.rs\/wp-content\/uploads\/2024\/06\/Slike-za-recepti-stranicu-06-524x524.png 524w, https:\/\/olga.co.rs\/wp-content\/uploads\/2024\/06\/Slike-za-recepti-stranicu-06-320x320.png 320w, https:\/\/olga.co.rs\/wp-content\/uploads\/2024\/06\/Slike-za-recepti-stranicu-06-150x150.png 150w, https:\/\/olga.co.rs\/wp-content\/uploads\/2024\/06\/Slike-za-recepti-stranicu-06-768x768.png 768w, https:\/\/olga.co.rs\/wp-content\/uploads\/2024\/06\/Slike-za-recepti-stranicu-06-115x115.png 115w, https:\/\/olga.co.rs\/wp-content\/uploads\/2024\/06\/Slike-za-recepti-stranicu-06-480x480.png 480w\" sizes=\"(max-width: 640px) 100vw, 640px\" \/>\t\t\t\t\t\t\t\t<\/a>\n\t\t\t\t\t\t\t\t\t\t\t\t\t\t\t<\/div>\n\t\t\t\t<\/div>\n\t\t\t\t<div class=\"elementor-element elementor-element-527b428 elementor-widget elementor-widget-heading\" data-id=\"527b428\" data-element_type=\"widget\" data-widget_type=\"heading.default\">\n\t\t\t\t<div class=\"elementor-widget-container\">\n\t\t\t\t\t<span class=\"elementor-heading-title elementor-size-default\">Flour<\/span>\t\t\t\t<\/div>\n\t\t\t\t<\/div>\n\t\t\t\t\t<\/div>\n\t\t<\/div>\n\t\t\t\t<div class=\"elementor-column elementor-col-20 elementor-top-column elementor-element elementor-element-53f19a2\" data-id=\"53f19a2\" data-element_type=\"column\">\n\t\t\t<div class=\"elementor-widget-wrap elementor-element-populated\">\n\t\t\t\t\t\t<div class=\"elementor-element elementor-element-80acbb0 elementor-widget elementor-widget-image\" data-id=\"80acbb0\" data-element_type=\"widget\" data-widget_type=\"image.default\">\n\t\t\t\t<div class=\"elementor-widget-container\">\n\t\t\t\t\t\t\t\t\t\t\t\t\t\t\t\t<a href=\"https:\/\/olga.co.rs\/en\/olgin-kuvar\/protein\/\">\n\t\t\t\t\t\t\t<img decoding=\"async\" width=\"640\" height=\"640\" src=\"https:\/\/olga.co.rs\/wp-content\/uploads\/2024\/06\/Slike-za-recepti-stranicu-07.png\" class=\"elementor-animation-grow attachment-large size-large wp-image-9467\" alt=\"\" srcset=\"https:\/\/olga.co.rs\/wp-content\/uploads\/2024\/06\/Slike-za-recepti-stranicu-07.png 855w, https:\/\/olga.co.rs\/wp-content\/uploads\/2024\/06\/Slike-za-recepti-stranicu-07-100x100.png 100w, https:\/\/olga.co.rs\/wp-content\/uploads\/2024\/06\/Slike-za-recepti-stranicu-07-524x524.png 524w, https:\/\/olga.co.rs\/wp-content\/uploads\/2024\/06\/Slike-za-recepti-stranicu-07-320x320.png 320w, https:\/\/olga.co.rs\/wp-content\/uploads\/2024\/06\/Slike-za-recepti-stranicu-07-150x150.png 150w, https:\/\/olga.co.rs\/wp-content\/uploads\/2024\/06\/Slike-za-recepti-stranicu-07-768x768.png 768w, https:\/\/olga.co.rs\/wp-content\/uploads\/2024\/06\/Slike-za-recepti-stranicu-07-115x115.png 115w, https:\/\/olga.co.rs\/wp-content\/uploads\/2024\/06\/Slike-za-recepti-stranicu-07-480x480.png 480w\" sizes=\"(max-width: 640px) 100vw, 640px\" \/>\t\t\t\t\t\t\t\t<\/a>\n\t\t\t\t\t\t\t\t\t\t\t\t\t\t\t<\/div>\n\t\t\t\t<\/div>\n\t\t\t\t<div class=\"elementor-element elementor-element-1345fd8 elementor-widget elementor-widget-heading\" data-id=\"1345fd8\" data-element_type=\"widget\" data-widget_type=\"heading.default\">\n\t\t\t\t<div class=\"elementor-widget-container\">\n\t\t\t\t\t<span class=\"elementor-heading-title elementor-size-default\">Protein<\/span>\t\t\t\t<\/div>\n\t\t\t\t<\/div>\n\t\t\t\t\t<\/div>\n\t\t<\/div>\n\t\t\t\t<div class=\"elementor-column elementor-col-20 elementor-top-column elementor-element elementor-element-9f8aba1\" data-id=\"9f8aba1\" data-element_type=\"column\">\n\t\t\t<div class=\"elementor-widget-wrap elementor-element-populated\">\n\t\t\t\t\t\t<div class=\"elementor-element elementor-element-f19960f elementor-widget elementor-widget-image\" data-id=\"f19960f\" data-element_type=\"widget\" data-widget_type=\"image.default\">\n\t\t\t\t<div class=\"elementor-widget-container\">\n\t\t\t\t\t\t\t\t\t\t\t\t\t\t\t\t<a href=\"https:\/\/olga.co.rs\/en\/olgin-kuvar\/puter\/\">\n\t\t\t\t\t\t\t<img decoding=\"async\" width=\"640\" height=\"640\" src=\"https:\/\/olga.co.rs\/wp-content\/uploads\/2024\/06\/Slike-za-recepti-stranicu-08.png\" class=\"elementor-animation-grow attachment-large size-large wp-image-9468\" alt=\"\" srcset=\"https:\/\/olga.co.rs\/wp-content\/uploads\/2024\/06\/Slike-za-recepti-stranicu-08.png 855w, https:\/\/olga.co.rs\/wp-content\/uploads\/2024\/06\/Slike-za-recepti-stranicu-08-100x100.png 100w, https:\/\/olga.co.rs\/wp-content\/uploads\/2024\/06\/Slike-za-recepti-stranicu-08-524x524.png 524w, https:\/\/olga.co.rs\/wp-content\/uploads\/2024\/06\/Slike-za-recepti-stranicu-08-320x320.png 320w, https:\/\/olga.co.rs\/wp-content\/uploads\/2024\/06\/Slike-za-recepti-stranicu-08-150x150.png 150w, https:\/\/olga.co.rs\/wp-content\/uploads\/2024\/06\/Slike-za-recepti-stranicu-08-768x768.png 768w, https:\/\/olga.co.rs\/wp-content\/uploads\/2024\/06\/Slike-za-recepti-stranicu-08-115x115.png 115w, https:\/\/olga.co.rs\/wp-content\/uploads\/2024\/06\/Slike-za-recepti-stranicu-08-480x480.png 480w\" sizes=\"(max-width: 640px) 100vw, 640px\" \/>\t\t\t\t\t\t\t\t<\/a>\n\t\t\t\t\t\t\t\t\t\t\t\t\t\t\t<\/div>\n\t\t\t\t<\/div>\n\t\t\t\t<div class=\"elementor-element elementor-element-514da07 elementor-widget elementor-widget-heading\" data-id=\"514da07\" data-element_type=\"widget\" data-widget_type=\"heading.default\">\n\t\t\t\t<div class=\"elementor-widget-container\">\n\t\t\t\t\t<span class=\"elementor-heading-title elementor-size-default\">Butter<\/span>\t\t\t\t<\/div>\n\t\t\t\t<\/div>\n\t\t\t\t\t<\/div>\n\t\t<\/div>\n\t\t\t\t<div class=\"elementor-column elementor-col-20 elementor-top-column elementor-element elementor-element-deecf6f\" data-id=\"deecf6f\" data-element_type=\"column\">\n\t\t\t<div class=\"elementor-widget-wrap elementor-element-populated\">\n\t\t\t\t\t\t<div class=\"elementor-element elementor-element-3afcfd6 elementor-widget elementor-widget-image\" data-id=\"3afcfd6\" data-element_type=\"widget\" data-widget_type=\"image.default\">\n\t\t\t\t<div class=\"elementor-widget-container\">\n\t\t\t\t\t\t\t\t\t\t\t\t\t\t\t\t<a href=\"https:\/\/olga.co.rs\/en\/olgin-kuvar\/seme\/\">\n\t\t\t\t\t\t\t<img loading=\"lazy\" decoding=\"async\" width=\"640\" height=\"640\" src=\"https:\/\/olga.co.rs\/wp-content\/uploads\/2024\/06\/Slike-za-recepti-stranicu-09.png\" class=\"elementor-animation-grow attachment-large size-large wp-image-9469\" alt=\"\" srcset=\"https:\/\/olga.co.rs\/wp-content\/uploads\/2024\/06\/Slike-za-recepti-stranicu-09.png 855w, https:\/\/olga.co.rs\/wp-content\/uploads\/2024\/06\/Slike-za-recepti-stranicu-09-100x100.png 100w, https:\/\/olga.co.rs\/wp-content\/uploads\/2024\/06\/Slike-za-recepti-stranicu-09-524x524.png 524w, https:\/\/olga.co.rs\/wp-content\/uploads\/2024\/06\/Slike-za-recepti-stranicu-09-320x320.png 320w, https:\/\/olga.co.rs\/wp-content\/uploads\/2024\/06\/Slike-za-recepti-stranicu-09-150x150.png 150w, https:\/\/olga.co.rs\/wp-content\/uploads\/2024\/06\/Slike-za-recepti-stranicu-09-768x768.png 768w, https:\/\/olga.co.rs\/wp-content\/uploads\/2024\/06\/Slike-za-recepti-stranicu-09-115x115.png 115w, https:\/\/olga.co.rs\/wp-content\/uploads\/2024\/06\/Slike-za-recepti-stranicu-09-480x480.png 480w\" sizes=\"(max-width: 640px) 100vw, 640px\" \/>\t\t\t\t\t\t\t\t<\/a>\n\t\t\t\t\t\t\t\t\t\t\t\t\t\t\t<\/div>\n\t\t\t\t<\/div>\n\t\t\t\t<div class=\"elementor-element elementor-element-f71c082 elementor-widget elementor-widget-heading\" data-id=\"f71c082\" data-element_type=\"widget\" data-widget_type=\"heading.default\">\n\t\t\t\t<div class=\"elementor-widget-container\">\n\t\t\t\t\t<span class=\"elementor-heading-title elementor-size-default\">Seeds<\/span>\t\t\t\t<\/div>\n\t\t\t\t<\/div>\n\t\t\t\t\t<\/div>\n\t\t<\/div>\n\t\t\t\t<div class=\"elementor-column elementor-col-20 elementor-top-column elementor-element elementor-element-7622ef7\" data-id=\"7622ef7\" data-element_type=\"column\">\n\t\t\t<div class=\"elementor-widget-wrap elementor-element-populated\">\n\t\t\t\t\t\t<div class=\"elementor-element elementor-element-5770c3a elementor-widget elementor-widget-image\" data-id=\"5770c3a\" data-element_type=\"widget\" data-widget_type=\"image.default\">\n\t\t\t\t<div class=\"elementor-widget-container\">\n\t\t\t\t\t\t\t\t\t\t\t\t\t\t\t\t<a href=\"https:\/\/olga.co.rs\/en\/olgin-kuvar\/ulje\/\">\n\t\t\t\t\t\t\t<img loading=\"lazy\" decoding=\"async\" width=\"640\" height=\"640\" src=\"https:\/\/olga.co.rs\/wp-content\/uploads\/2024\/06\/Slike-za-recepti-stranicu-10.png\" class=\"elementor-animation-grow attachment-large size-large wp-image-9470\" alt=\"\" srcset=\"https:\/\/olga.co.rs\/wp-content\/uploads\/2024\/06\/Slike-za-recepti-stranicu-10.png 855w, https:\/\/olga.co.rs\/wp-content\/uploads\/2024\/06\/Slike-za-recepti-stranicu-10-100x100.png 100w, https:\/\/olga.co.rs\/wp-content\/uploads\/2024\/06\/Slike-za-recepti-stranicu-10-524x524.png 524w, https:\/\/olga.co.rs\/wp-content\/uploads\/2024\/06\/Slike-za-recepti-stranicu-10-320x320.png 320w, https:\/\/olga.co.rs\/wp-content\/uploads\/2024\/06\/Slike-za-recepti-stranicu-10-150x150.png 150w, https:\/\/olga.co.rs\/wp-content\/uploads\/2024\/06\/Slike-za-recepti-stranicu-10-768x768.png 768w, https:\/\/olga.co.rs\/wp-content\/uploads\/2024\/06\/Slike-za-recepti-stranicu-10-115x115.png 115w, https:\/\/olga.co.rs\/wp-content\/uploads\/2024\/06\/Slike-za-recepti-stranicu-10-480x480.png 480w\" sizes=\"(max-width: 640px) 100vw, 640px\" \/>\t\t\t\t\t\t\t\t<\/a>\n\t\t\t\t\t\t\t\t\t\t\t\t\t\t\t<\/div>\n\t\t\t\t<\/div>\n\t\t\t\t<div class=\"elementor-element elementor-element-9789e56 elementor-widget elementor-widget-heading\" data-id=\"9789e56\" data-element_type=\"widget\" data-widget_type=\"heading.default\">\n\t\t\t\t<div class=\"elementor-widget-container\">\n\t\t\t\t\t<span class=\"elementor-heading-title elementor-size-default\">Oil<\/span>\t\t\t\t<\/div>\n\t\t\t\t<\/div>\n\t\t\t\t\t<\/div>\n\t\t<\/div>\n\t\t\t\t      \n            \n              \n            \n            \t\n\t\t\t<\/div>\n\t\t<\/section>\n\t\t\t\t<\/div>\n\t\t\t\t<\/div>\n\t\t\t\t\t\t<\/div>\n\t\t\t\t<\/div>\n\t\t\t\t\t<\/div>\n\t\t<\/div>\n\t\t\t\t      \n            \n              \n            \n            \t\n\t\t\t<\/div>\n\t\t<\/section>\n\t\t\t\t<section class=\"elementor-section elementor-top-section elementor-element elementor-element-229d305 elementor-section-boxed elementor-section-height-default elementor-section-height-default\" data-id=\"229d305\" data-element_type=\"section\">\n\t\t\t\t\t\t<div class=\"elementor-container elementor-column-gap-default jws_section_\" >\n\t\t\t\t<div class=\"elementor-column elementor-col-100 elementor-top-column elementor-element elementor-element-c24ce25\" data-id=\"c24ce25\" data-element_type=\"column\">\n\t\t\t<div class=\"elementor-widget-wrap elementor-element-populated\">\n\t\t\t\t\t\t<div class=\"elementor-element elementor-element-0348466 elementor-widget elementor-widget-jws_blog\" data-id=\"0348466\" data-element_type=\"widget\" data-settings=\"{&quot;pagination_align&quot;:&quot;center&quot;}\" data-widget_type=\"jws_blog.default\">\n\t\t\t\t<div class=\"elementor-widget-container\">\n\t\t\t\t\t \n\t\t\n\t\t<div class=\"jws-blog-element\">\n             \n            <div class=\"row blog_content jws_blog_layout1 blog_ajax_0348466 jws-isotope\" >\n                <div class=\"jws_blog_item col-xl-12 col-lg-6 col-12 no_format\">   <div class=\"jws_post_wap no_format\">\r\n        <div class=\"jws_post_image\">\r\n        <span class=\"entry-date\"><a href=\"https:\/\/olga.co.rs\/en\/2025\/12\/15\/\"><span class=\"jws-date-element\">Dec<\/span><span class=\"vertical_line\"><\/span><span class=\"jws-date-element\">15<\/span><span class=\"vertical_line\"><\/span><span class=\"jws-date-element\">2025<\/span><\/a><\/span>\r\n          <div class=\"\">  \r\n          <img loading=\"lazy\" decoding=\"async\" class=\"attachment-large wp-post-image\" src=\"https:\/\/olga.co.rs\/wp-content\/uploads\/2025\/12\/shutterstock_226901728-2-413x250.jpg\" width=\"413\" height=\"250\" alt=\"Pumpkin pancakes with sour cream and juice with pulp closeup horizontal\" title=\"Pumpkin,Pancakes,With,Sour,Cream,And,Juice,With,Pulp,Closeup\" \/>        <\/div>\r\n        <\/div>\r\n        <div class=\"jws_post_content\">\r\n               \r\n                    <span class=\"post_cat\"><a href=\"https:\/\/olga.co.rs\/en\/category\/protein\/\" rel=\"tag\">Protein<\/a><\/span> \r\n               <h3 class=\"entry-title\"><a href=\"https:\/\/olga.co.rs\/en\/palacinke-od-bundevinog-proteina\/\">PALA\u010cINKE OD BUNDEVINOG PROTEINA<\/a><\/h3> \r\n                              <div class=\"jws_post_excerpt\">\r\n                        1. Umutite jaja, a zatim dodajte preostale sastojke. Sve dobro prome\u0161ajte kako bi se svi sastojci sjedinili. 2. Pecite pala\u010dinke na malo ulja. Poslu\u017eite ih s nadevom po \u017eelji, a za posebno dobar miris mo\u017eete u smesu izrendati i malo korice od limuna ili narand\u017ee.               <\/div>\r\n                                      <\/div>\r\n    <\/div>   \r\n<\/div><div class=\"jws_blog_item col-xl-12 col-lg-6 col-12 no_format\">   <div class=\"jws_post_wap no_format\">\r\n        <div class=\"jws_post_image\">\r\n        <span class=\"entry-date\"><a href=\"https:\/\/olga.co.rs\/en\/2025\/05\/08\/\"><span class=\"jws-date-element\">May<\/span><span class=\"vertical_line\"><\/span><span class=\"jws-date-element\">08<\/span><span class=\"vertical_line\"><\/span><span class=\"jws-date-element\">2025<\/span><\/a><\/span>\r\n          <div class=\"\">  \r\n          <img loading=\"lazy\" decoding=\"async\" class=\"attachment-large wp-post-image\" src=\"https:\/\/olga.co.rs\/wp-content\/uploads\/2025\/05\/shutterstock_1559595674-min-413x250.png\" width=\"413\" height=\"250\" alt=\"shutterstock_1559595674-min\" title=\"shutterstock_1559595674-min\" \/>        <\/div>\r\n        <\/div>\r\n        <div class=\"jws_post_content\">\r\n               \r\n                    <span class=\"post_cat\"><a href=\"https:\/\/olga.co.rs\/en\/category\/protein\/\" rel=\"tag\">Protein<\/a><\/span> \r\n               <h3 class=\"entry-title\"><a href=\"https:\/\/olga.co.rs\/en\/palacinke-sa-proteinom-od-bundeve-i-spanacem\/\">PALA\u010cINKE SA PROTEINOM OD BUNDEVE I SPANA\u0106EM<\/a><\/h3> \r\n                              <div class=\"jws_post_excerpt\">\r\n                        1. U blenderu pome\u0161ajte Olga bundevin protein, spana\u0107, jaja i biljno mleko dok ne dobijete glatku smesu. 2. Dodajte ovseno bra\u0161no, protein u prahu, pra\u0161ak za pecivo i prstohvat soli. Izblendajte kratko da se sastojci lepo sjedine. 3. Po potrebi dodajte jo\u0161 malo mleka ako je smesa pregusta. 4. Zagrejte tiganj s malo ulja i pecite pala\u010dinke 2\u20133 minuta sa svake strane, dok ne porumene. 5. Servirajte tople....               <\/div>\r\n                                      <\/div>\r\n    <\/div>   \r\n<\/div>            <\/div>\n                                <\/div>\n\n\t\t\t\t\t<\/div>\n\t\t\t\t<\/div>\n\t\t\t\t\t<\/div>\n\t\t<\/div>\n\t\t\t\t      \n            \n              \n            \n            \t\n\t\t\t<\/div>\n\t\t<\/section>\n\t\t\t\t<\/div>","protected":false},"excerpt":{"rendered":"","protected":false},"author":2,"featured_media":0,"parent":5196,"menu_order":0,"comment_status":"closed","ping_status":"closed","template":"","meta":{"footnotes":""},"class_list":["post-9859","page","type-page","status-publish","hentry"],"_links":{"self":[{"href":"https:\/\/olga.co.rs\/en\/wp-json\/wp\/v2\/pages\/9859","targetHints":{"allow":["GET"]}}],"collection":[{"href":"https:\/\/olga.co.rs\/en\/wp-json\/wp\/v2\/pages"}],"about":[{"href":"https:\/\/olga.co.rs\/en\/wp-json\/wp\/v2\/types\/page"}],"author":[{"embeddable":true,"href":"https:\/\/olga.co.rs\/en\/wp-json\/wp\/v2\/users\/2"}],"replies":[{"embeddable":true,"href":"https:\/\/olga.co.rs\/en\/wp-json\/wp\/v2\/comments?post=9859"}],"version-history":[{"count":16,"href":"https:\/\/olga.co.rs\/en\/wp-json\/wp\/v2\/pages\/9859\/revisions"}],"predecessor-version":[{"id":10077,"href":"https:\/\/olga.co.rs\/en\/wp-json\/wp\/v2\/pages\/9859\/revisions\/10077"}],"up":[{"embeddable":true,"href":"https:\/\/olga.co.rs\/en\/wp-json\/wp\/v2\/pages\/5196"}],"wp:attachment":[{"href":"https:\/\/olga.co.rs\/en\/wp-json\/wp\/v2\/media?parent=9859"}],"curies":[{"name":"wp","href":"https:\/\/api.w.org\/{rel}","templated":true}]}}