{"id":9830,"date":"2025-04-08T12:28:41","date_gmt":"2025-04-08T12:28:41","guid":{"rendered":"https:\/\/olga.co.rs\/?page_id=9830"},"modified":"2026-02-24T15:24:49","modified_gmt":"2026-02-24T15:24:49","slug":"blog","status":"publish","type":"page","link":"https:\/\/olga.co.rs\/en\/blog\/","title":{"rendered":"Blog"},"content":{"rendered":"<div data-elementor-type=\"wp-page\" data-elementor-id=\"9830\" class=\"elementor elementor-9830\" data-elementor-post-type=\"page\">\n\t\t\t\t\t\t<section class=\"elementor-section elementor-top-section elementor-element elementor-element-0d30ea4 elementor-section-height-min-height elementor-section-boxed elementor-section-height-default elementor-section-items-middle\" data-id=\"0d30ea4\" data-element_type=\"section\" data-settings=\"{&quot;background_background&quot;:&quot;classic&quot;}\">\n\t\t\t\t\t\t<div class=\"elementor-container elementor-column-gap-default jws_section_\" >\n\t\t\t\t<div class=\"elementor-column elementor-col-100 elementor-top-column elementor-element elementor-element-0ed7d88\" data-id=\"0ed7d88\" data-element_type=\"column\" data-settings=\"{&quot;motion_fx_motion_fx_scrolling&quot;:&quot;yes&quot;,&quot;motion_fx_translateY_effect&quot;:&quot;yes&quot;,&quot;motion_fx_translateY_affectedRange&quot;:{&quot;unit&quot;:&quot;%&quot;,&quot;size&quot;:&quot;&quot;,&quot;sizes&quot;:{&quot;start&quot;:0,&quot;end&quot;:51}},&quot;motion_fx_translateY_speed&quot;:{&quot;unit&quot;:&quot;px&quot;,&quot;size&quot;:4,&quot;sizes&quot;:[]},&quot;motion_fx_devices&quot;:[&quot;desktop&quot;,&quot;laptop&quot;,&quot;tablet&quot;,&quot;mobile&quot;]}\">\n\t\t\t<div class=\"elementor-widget-wrap\">\n\t\t\t\t\t\t\t<\/div>\n\t\t<\/div>\n\t\t\t\t      \n            \n              \n            \n            \t\n\t\t\t<\/div>\n\t\t<\/section>\n\t\t\t\t<section class=\"elementor-section elementor-top-section elementor-element elementor-element-989ba1c elementor-section-boxed elementor-section-height-default elementor-section-height-default\" data-id=\"989ba1c\" data-element_type=\"section\">\n\t\t\t\t\t\t<div class=\"elementor-container elementor-column-gap-default jws_section_\" >\n\t\t\t\t<div class=\"elementor-column elementor-col-100 elementor-top-column elementor-element elementor-element-bac1793\" data-id=\"bac1793\" data-element_type=\"column\">\n\t\t\t<div class=\"elementor-widget-wrap elementor-element-populated\">\n\t\t\t\t\t\t<div class=\"elementor-element elementor-element-eeb2ff9 elementor-position-top elementor-view-default elementor-vertical-align-top elementor-widget elementor-widget-jws_info_box\" data-id=\"eeb2ff9\" data-element_type=\"widget\" data-settings=\"{&quot;align&quot;:&quot;center&quot;,&quot;position&quot;:&quot;top&quot;}\" data-widget_type=\"jws_info_box.default\">\n\t\t\t\t<div class=\"elementor-widget-container\">\n\t\t\t\t\t            <div class=\"jws-info-box layout1\">\n                <div class=\"jws-info-box-inner\">\n                    \r\n    <div class=\"box-icon\">\r\n          \r\n    <\/div>\r\n    <div class=\"jws-box-content\">\r\n        <div class=\"box-sub\">\r\n            <\/div>\r\n    <h1 class=\"box-title\">\r\n        Blog    <\/h1>\r\n    <div class=\"box-content\">\r\n            <\/div>\r\n        <\/div>\r\n                <\/div>\n            <\/div>\n        \t\t\t\t<\/div>\n\t\t\t\t<\/div>\n\t\t\t\t\t<\/div>\n\t\t<\/div>\n\t\t\t\t      \n            \n              \n            \n            \t\n\t\t\t<\/div>\n\t\t<\/section>\n\t\t\t\t<section class=\"elementor-section elementor-top-section elementor-element elementor-element-670032b elementor-section-boxed elementor-section-height-default elementor-section-height-default\" data-id=\"670032b\" data-element_type=\"section\">\n\t\t\t\t\t\t<div class=\"elementor-container elementor-column-gap-default jws_section_\" >\n\t\t\t\t<div class=\"elementor-column elementor-col-100 elementor-top-column elementor-element elementor-element-a9c7423\" data-id=\"a9c7423\" data-element_type=\"column\">\n\t\t\t<div class=\"elementor-widget-wrap elementor-element-populated\">\n\t\t\t\t\t\t<div class=\"elementor-element elementor-element-417c331 elementor-widget elementor-widget-jws_blog\" data-id=\"417c331\" data-element_type=\"widget\" data-settings=\"{&quot;pagination_align&quot;:&quot;center&quot;}\" data-widget_type=\"jws_blog.default\">\n\t\t\t\t<div class=\"elementor-widget-container\">\n\t\t\t\t\t \n\t\t\n\t\t<div class=\"jws-blog-element\">\n             \n            <div class=\"row blog_content jws_blog_layout2 blog_ajax_417c331 jws-isotope\" >\n                <div class=\"jws_blog_item col-xl-4 col-lg-6 col-12 no_format\"><div class=\"jws_post_wap\">\r\n    <div class=\"jws_post_image\">\r\n        <div class=\"slick-slider\">\r\n          <\/div>    \r\n      <a href=\"https:\/\/olga.co.rs\/en\/10-zanimljivih-cinjenica-o-bundevi-koje-niste-znali\/\" class=\"\">   \r\n          <img fetchpriority=\"high\" decoding=\"async\" class=\"attachment-large wp-post-image\" src=\"https:\/\/olga.co.rs\/wp-content\/uploads\/2024\/06\/img1-1-413x250.jpg\" width=\"413\" height=\"250\" alt=\"img1-1\" title=\"img1-1\" \/>            \r\n        <\/a>\r\n            <\/div>\r\n    <div class=\"jws_post_content\">\r\n                <span class=\"post_cat\"><a href=\"https:\/\/olga.co.rs\/en\/category\/blog\/\" rel=\"tag\">Blog<\/a><\/span>  \r\n                       <h4 class=\"entry-title\"><a href=\"https:\/\/olga.co.rs\/en\/10-zanimljivih-cinjenica-o-bundevi-koje-niste-znali\/\">10 zanimljivih \u010dinjenica o bundevi koje niste znali<\/a><\/h4> \r\n                      <div class=\"jws_post_excerpt\">\r\n                    Koliko zaista znate o bundevama? Verovatno znate da im je sezona u jesen, da su obi\u010dno narand\u017easte boje i dostupne su u razli\u010ditim veli\u010dinama, ali           <\/div>\r\n                      \r\n                      <a href=\"https:\/\/olga.co.rs\/en\/10-zanimljivih-cinjenica-o-bundevi-koje-niste-znali\/\" class=\"jws_post_readmore\">\r\n           <span class=\"jws_text_read\"> <\/span>\r\n               \r\n           <\/a>\r\n               <\/div>\r\n<\/div>\r\n<\/div><div class=\"jws_blog_item col-xl-4 col-lg-6 col-12 no_format\"><div class=\"jws_post_wap\">\r\n    <div class=\"jws_post_image\">\r\n        <div class=\"slick-slider\">\r\n          <\/div>    \r\n      <a href=\"https:\/\/olga.co.rs\/en\/kalorijske-vrednosti-semenke-bundeve\/\" class=\"\">   \r\n          <img decoding=\"async\" class=\"attachment-large wp-post-image\" src=\"https:\/\/olga.co.rs\/wp-content\/uploads\/2024\/06\/2018_JSO_Nadalj_4500px_NK-23-scaled-1-413x250.jpg\" width=\"413\" height=\"250\" alt=\"2018_JSO_Nadalj_4500px_NK-23-scaled-1\" title=\"2018_JSO_Nadalj_4500px_NK-23-scaled-1\" \/>            \r\n        <\/a>\r\n            <\/div>\r\n    <div class=\"jws_post_content\">\r\n                <span class=\"post_cat\"><a href=\"https:\/\/olga.co.rs\/en\/category\/blog\/\" rel=\"tag\">Blog<\/a><\/span>  \r\n                       <h4 class=\"entry-title\"><a href=\"https:\/\/olga.co.rs\/en\/kalorijske-vrednosti-semenke-bundeve\/\">Kalorijske vrednosti semenke bundeve<\/a><\/h4> \r\n                      <div class=\"jws_post_excerpt\">\r\n                    Semenke bundeve su mo\u017eda male, ali su zato prave hranljive bombe. Redovnim konzumiranjem preporu\u010denih koli\u010dina semenki bundeve u sebe unosite zna\u010dajne koli\u010dinu magnezijuma, cinka i           <\/div>\r\n                      \r\n                      <a href=\"https:\/\/olga.co.rs\/en\/kalorijske-vrednosti-semenke-bundeve\/\" class=\"jws_post_readmore\">\r\n           <span class=\"jws_text_read\"> <\/span>\r\n               \r\n           <\/a>\r\n               <\/div>\r\n<\/div>\r\n<\/div><div class=\"jws_blog_item col-xl-4 col-lg-6 col-12 no_format\"><div class=\"jws_post_wap\">\r\n    <div class=\"jws_post_image\">\r\n        <div class=\"slick-slider\">\r\n          <\/div>    \r\n      <a href=\"https:\/\/olga.co.rs\/en\/seme-bundeve-kao-lek\/\" class=\"\">   \r\n          <img decoding=\"async\" class=\"attachment-large wp-post-image\" src=\"https:\/\/olga.co.rs\/wp-content\/uploads\/2024\/06\/Screenshot_2-413x250.png\" width=\"413\" height=\"250\" alt=\"Screenshot_2\" title=\"Screenshot_2\" \/>            \r\n        <\/a>\r\n            <\/div>\r\n    <div class=\"jws_post_content\">\r\n                <span class=\"post_cat\"><a href=\"https:\/\/olga.co.rs\/en\/category\/blog\/\" rel=\"tag\">Blog<\/a><\/span>  \r\n                       <h4 class=\"entry-title\"><a href=\"https:\/\/olga.co.rs\/en\/seme-bundeve-kao-lek\/\">Seme bundeve kao lek<\/a><\/h4> \r\n                      <div class=\"jws_post_excerpt\">\r\n                    Hiljadama godina unazad, bundeva je prona\u0161la svoju u ishrani i medicini mnogih civilizacija. Istra\u017eivanja su kasnije pokazala da ovo nije slu\u010dajno. Bogata vitaminima, mineralima antioksidantima,           <\/div>\r\n                      \r\n                      <a href=\"https:\/\/olga.co.rs\/en\/seme-bundeve-kao-lek\/\" class=\"jws_post_readmore\">\r\n           <span class=\"jws_text_read\"> <\/span>\r\n               \r\n           <\/a>\r\n               <\/div>\r\n<\/div>\r\n<\/div>            <\/div>\n                                <\/div>\n\n\t\t\t\t\t<\/div>\n\t\t\t\t<\/div>\n\t\t\t\t\t<\/div>\n\t\t<\/div>\n\t\t\t\t      \n            \n              \n            \n            \t\n\t\t\t<\/div>\n\t\t<\/section>\n\t\t\t\t<\/div>","protected":false},"excerpt":{"rendered":"<p>Blog Blog 10 zanimljivih \u010dinjenica o bundevi koje niste znali Koliko zaista znate o bundevama? Verovatno znate da im je sezona u jesen, da su obi\u010dno narand\u017easte boje i dostupne su u razli\u010ditim veli\u010dinama, ali Blog Kalorijske vrednosti semenke bundeve Semenke bundeve su mo\u017eda male, ali su zato prave hranljive bombe. Redovnim konzumiranjem preporu\u010denih koli\u010dina [&hellip;]<\/p>","protected":false},"author":2,"featured_media":0,"parent":0,"menu_order":0,"comment_status":"closed","ping_status":"closed","template":"","meta":{"footnotes":""},"class_list":["post-9830","page","type-page","status-publish","hentry"],"_links":{"self":[{"href":"https:\/\/olga.co.rs\/en\/wp-json\/wp\/v2\/pages\/9830","targetHints":{"allow":["GET"]}}],"collection":[{"href":"https:\/\/olga.co.rs\/en\/wp-json\/wp\/v2\/pages"}],"about":[{"href":"https:\/\/olga.co.rs\/en\/wp-json\/wp\/v2\/types\/page"}],"author":[{"embeddable":true,"href":"https:\/\/olga.co.rs\/en\/wp-json\/wp\/v2\/users\/2"}],"replies":[{"embeddable":true,"href":"https:\/\/olga.co.rs\/en\/wp-json\/wp\/v2\/comments?post=9830"}],"version-history":[{"count":22,"href":"https:\/\/olga.co.rs\/en\/wp-json\/wp\/v2\/pages\/9830\/revisions"}],"predecessor-version":[{"id":10354,"href":"https:\/\/olga.co.rs\/en\/wp-json\/wp\/v2\/pages\/9830\/revisions\/10354"}],"wp:attachment":[{"href":"https:\/\/olga.co.rs\/en\/wp-json\/wp\/v2\/media?parent=9830"}],"curies":[{"name":"wp","href":"https:\/\/api.w.org\/{rel}","templated":true}]}}